{"id":1962,"date":"2024-11-19T17:33:04","date_gmt":"2024-11-19T16:33:04","guid":{"rendered":"https:\/\/itaab.kreativa.dev\/en\/?page_id=1962"},"modified":"2024-11-19T17:33:04","modified_gmt":"2024-11-19T16:33:04","slug":"terms-of-sale","status":"publish","type":"page","link":"https:\/\/itaab.com\/en\/terms-of-sale\/","title":{"rendered":"Terms of sale"},"content":{"rendered":"\n<div class=\"wp-block-group has-beige-background-color has-background is-layout-constrained wp-container-core-group-is-layout-410d032a wp-block-group-is-layout-constrained\" style=\"padding-top:5rem;padding-bottom:5rem\">\n<h1 class=\"wp-block-heading has-text-align-center\">Terms of sale<\/h1>\n\n\n\n<p class=\"has-text-align-left\">Samtliga priser i prislistor \u00e4r i SEK och exklusive moms. Priser, leverans &amp; betalningsvillkor mm g\u00e4ller med reservation f\u00f6r \u00e4ndringar. Aktuella villkor vid ordertillf\u00e4lle g\u00e4ller. Vid \u00e4ndring av r\u00e5varupriser av aktuellt material st\u00f6rre \u00e4n 4% justeras pris upp eller ner i paritet med detta. Standardprodukter som b\u00e4rverk &amp; \u00f6vriga tillbeh\u00f6r s\u00e4ljes endast i obrutna standardf\u00f6rpackningar. F\u00f6r armaturer s\u00e5 ing\u00e5r milj\u00f6avgiften i priset. Villkor g\u00e4ller under f\u00f6ruts\u00e4ttning att ingenting annat angivits i aktuell prislista. I \u00f6vrigt g\u00e4ller \u201dAllm\u00e4nna best\u00e4mmelser f\u00f6r leveranser av byggmaterial\u201d, ABM &#8211; 07.<\/p>\n\n\n\n<p><strong>Best\u00e4llning<\/strong><br>V\u00e5r orderbekr\u00e4ftelse s\u00e4nds snarast m\u00f6jligt efter mottagande av order, d\u00e4refter \u00e4r best\u00e4llningen giltig. F\u00f6r att orderbekr\u00e4ftelse kall kunna uppr\u00e4ttas kr\u00e4vs; Produktinneh\u00e5ll, Leveransadress, Ev. avisering, \u00f6nskem\u00e5l om speciella leveranss\u00e4tt etc. \u00c4ndringar &amp; annullering av ordern skall meddelas Itaab skriftligen. Om \u00e4ndringen inneb\u00e4r att material blir obrukbart eller m\u00e5ste omarbetas utg\u00e5r faktura f\u00f6r upparbetat material, arbetskostnader, och materialomkostnadstill\u00e4gg.<\/p>\n\n\n\n<p><strong>Betalningsvillkor<\/strong><br>Fakturor skall betalas inom 30 dagar fr\u00e5n fakturadatum. Vid betalning efter f\u00f6rfallodagen debiteras dr\u00f6jsm\u00e5lsr\u00e4nta med 9%. P\u00e5minnelseavgift om 60kr per p\u00e5minnelse tillkommer. Nya kunder registreras f\u00f6rst efter sedvanlig kreditpr\u00f6vning.<\/p>\n\n\n\n<p><strong>Leveranser<\/strong><br>Leveranstid: Meddelas i varje s\u00e4rskilt fall p\u00e5 orderbekr\u00e4ftelse och avser n\u00e4r leverans sker fr\u00e5n fabrik.<br>Leveransvillkor: FCA \u201dFritt lastat\u201d fraktkostnad fr\u00e5n v\u00e5r fabrik i \u00d6rebro tillkommer. Risken f\u00f6r godset \u00f6verg\u00e5r till k\u00f6paren d\u00e5 godset avl\u00e4mnats till fraktf\u00f6raren. Itaab ombes\u00f6rjer fraktbokning till av kunden angiven adress.<br>Avisering: \u00d6nskas telefonavisering skall detta anges vid ordertillf\u00e4lle. Likas\u00e5 om leverans \u00f6nskas p\u00e5 annat s\u00e4tt \u00e4n standardleverans.<\/p>\n\n\n\n<p>Leveranss\u00e4tt<br>Leverans sker som standard med bil utan bakgavellift. Alla andra leveransalternativ m\u00e5ste anges vid ordertillf\u00e4llet.<\/p>\n\n\n\n<p>Emballage<br>F\u00f6rpackningskostnader ing\u00e5r i priset men kostnad f\u00f6r pall tillkommer.<\/p>\n\n\n\n<p>Avrop<br>Skall avtalas vid ordertillf\u00e4llet och en leveransplan skall uppr\u00e4ttas av kunden. Leveransplanen inneh\u00e5ller uppskattade m\u00e4ngder och leveransdatum per respektive s\u00e4ndning.<\/p>\n\n\n\n<p>Leveransf\u00f6rsening<br>F\u00f6rsening av leverans oavsett orsak och omfattning ber\u00e4ttigar inte till upph\u00e4vning av order, reducering av pris, ekonomisk kompensation eller leveransf\u00f6rseningsb\u00f6ter.<\/p>\n\n\n\n<p>Lagerh\u00e5llning<br>Vid leveransf\u00f6rskjutningar som beror p\u00e5 best\u00e4llaren kan Itaab i vissa fall lagerh\u00e5lla produkter, dock max 3 m\u00e5n. Detta sker till en kostnad om 100:-\/pall\/vecka samt ers\u00e4ttning f\u00f6r fraktkostnader till externt lager\/magasin.<\/p>\n\n\n\n<p>Mottagningskontroll<br>Mottagaren ansvarar f\u00f6r att mottagningskontroll utf\u00f6rs vid mottagandet av gods. Om gods \u00e4r skadat eller saknas, skall mottagaren anm\u00e4rka detta p\u00e5 fraktsedeln och se till att chauff\u00f6ren kvitterar anm\u00e4rkningen. Mottagaren kontaktar n\u00e4rmaste transport\u00f6rskontor f\u00f6r frakt-reklamationsanm\u00e4lan.<\/p>\n\n\n\n<p>Transportskador<br>F\u00f6rkommet eller skadat gods ers\u00e4tts av transport\u00f6ren och ej av leverant\u00f6ren. Ers\u00e4ttningsleverans sker endast mot ny order.<\/p>\n\n\n\n<p>Reklamation<br>Reklamationsanm\u00e4lan skall g\u00f6ras skriftligen till: <a href=\"mailto:info@itaab.com\" target=\"_blank\" rel=\"noreferrer noopener\">info@itaab.com<\/a> snarast m\u00f6jligt.<\/p>\n\n\n\n<p>Avh\u00e4mtning<br>Avh\u00e4mtningstidpunkt och kontaktperson avtalas med Itaab f\u00f6re avh\u00e4mtning.<\/p>\n\n\n\n<p>Returer<br>Returavdrag p\u00e5 50% av fakturerat belopp till\u00e4mpas. Specialprodukter tas ej i retur.<\/p>\n\n\n\n<p><strong>Garanti<\/strong><br>Itaab l\u00e4mnar en generell garanti p\u00e5 1 \u00e5r avseende fabrikationsfel och\/eller materialskador orsakade av brister i material eller tillverkningsfel. Garantitiden r\u00e4knas fr\u00e5n och med den dagen varan levereras fr\u00e5n Itaab. F\u00f6ruts\u00e4ttningen f\u00f6r garantin skall g\u00e4lla \u00e4r att varan monterats och underh\u00e5llits enligt Itaabs anvisningar. F\u00f6r lackerade produkter garanteras inte exakt f\u00e4rg\u00f6verensst\u00e4mmelse mellan olika leveranser av samma f\u00e4rg. Vid klarlackering eller olackerade produkter kan strukturen i pl\u00e5ten framtr\u00e4da och eventuella m\u00e4rken fr\u00e5n verktyg eller produktionsprocessen synas, \u00e4ven nyansskillnader f\u00f6rekommer.<\/p>\n\n\n\n<p class=\"has-text-align-left\"><strong><a href=\"https:\/\/itaab.kreativa.dev\/wp-content\/uploads\/2022\/02\/itaab_forsaljningsvillkor.pdf\" target=\"_blank\" rel=\"noreferrer noopener\">Ladda ned PDF \u203a<\/a><\/strong><\/p>\n\n\n\n<div style=\"height:1rem\" aria-hidden=\"true\" class=\"wp-block-spacer\"><\/div>\n<\/div>\n","protected":false},"excerpt":{"rendered":"<p>Terms of sale Samtliga priser i prislistor \u00e4r i SEK och exklusive moms. Priser, leverans &amp; betalningsvillkor mm g\u00e4ller med reservation f\u00f6r \u00e4ndringar. Aktuella villkor vid ordertillf\u00e4lle g\u00e4ller. Vid \u00e4ndring av r\u00e5varupriser av aktuellt material st\u00f6rre \u00e4n 4% justeras pris upp eller ner i paritet med detta. Standardprodukter som b\u00e4rverk &amp; \u00f6vriga tillbeh\u00f6r s\u00e4ljes endast [&hellip;]<\/p>\n","protected":false},"author":1,"featured_media":0,"parent":0,"menu_order":0,"comment_status":"closed","ping_status":"closed","template":"","meta":{"inline_featured_image":false,"footnotes":""},"class_list":["post-1962","page","type-page","status-publish","hentry"],"yoast_head":"<!-- This site is optimized with the Yoast SEO plugin v27.4 - https:\/\/yoast.com\/product\/yoast-seo-wordpress\/ -->\n<title>Terms of sale - Itaab en<\/title>\n<meta name=\"robots\" content=\"index, follow, max-snippet:-1, max-image-preview:large, max-video-preview:-1\" \/>\n<link rel=\"canonical\" href=\"https:\/\/itaab.com\/en\/terms-of-sale\/\" \/>\n<meta property=\"og:locale\" content=\"en_US\" \/>\n<meta property=\"og:type\" content=\"article\" \/>\n<meta property=\"og:title\" content=\"Terms of sale - Itaab en\" \/>\n<meta property=\"og:description\" content=\"Terms of sale Samtliga priser i prislistor \u00e4r i SEK och exklusive moms. Priser, leverans &amp; betalningsvillkor mm g\u00e4ller med reservation f\u00f6r \u00e4ndringar. Aktuella villkor vid ordertillf\u00e4lle g\u00e4ller. Vid \u00e4ndring av r\u00e5varupriser av aktuellt material st\u00f6rre \u00e4n 4% justeras pris upp eller ner i paritet med detta. Standardprodukter som b\u00e4rverk &amp; \u00f6vriga tillbeh\u00f6r s\u00e4ljes endast [&hellip;]\" \/>\n<meta property=\"og:url\" content=\"https:\/\/itaab.com\/en\/terms-of-sale\/\" \/>\n<meta property=\"og:site_name\" content=\"Itaab en\" \/>\n<meta name=\"twitter:card\" content=\"summary_large_image\" \/>\n<meta name=\"twitter:label1\" content=\"Est. reading time\" \/>\n\t<meta name=\"twitter:data1\" content=\"3 minutes\" \/>\n<script type=\"application\/ld+json\" class=\"yoast-schema-graph\">{\"@context\":\"https:\\\/\\\/schema.org\",\"@graph\":[{\"@type\":\"WebPage\",\"@id\":\"https:\\\/\\\/itaab.com\\\/en\\\/terms-of-sale\\\/\",\"url\":\"https:\\\/\\\/itaab.com\\\/en\\\/terms-of-sale\\\/\",\"name\":\"Terms of sale - Itaab en\",\"isPartOf\":{\"@id\":\"https:\\\/\\\/itaab.com\\\/en\\\/#website\"},\"datePublished\":\"2024-11-19T16:33:04+00:00\",\"breadcrumb\":{\"@id\":\"https:\\\/\\\/itaab.com\\\/en\\\/terms-of-sale\\\/#breadcrumb\"},\"inLanguage\":\"en-US\",\"potentialAction\":[{\"@type\":\"ReadAction\",\"target\":[\"https:\\\/\\\/itaab.com\\\/en\\\/terms-of-sale\\\/\"]}]},{\"@type\":\"BreadcrumbList\",\"@id\":\"https:\\\/\\\/itaab.com\\\/en\\\/terms-of-sale\\\/#breadcrumb\",\"itemListElement\":[{\"@type\":\"ListItem\",\"position\":1,\"name\":\"Hem\",\"item\":\"https:\\\/\\\/itaab.com\\\/en\\\/\"},{\"@type\":\"ListItem\",\"position\":2,\"name\":\"Terms of sale\"}]},{\"@type\":\"WebSite\",\"@id\":\"https:\\\/\\\/itaab.com\\\/en\\\/#website\",\"url\":\"https:\\\/\\\/itaab.com\\\/en\\\/\",\"name\":\"Itaab en\",\"description\":\"Suspended ceilings\",\"publisher\":{\"@id\":\"https:\\\/\\\/itaab.com\\\/en\\\/#organization\"},\"potentialAction\":[{\"@type\":\"SearchAction\",\"target\":{\"@type\":\"EntryPoint\",\"urlTemplate\":\"https:\\\/\\\/itaab.com\\\/en\\\/?s={search_term_string}\"},\"query-input\":{\"@type\":\"PropertyValueSpecification\",\"valueRequired\":true,\"valueName\":\"search_term_string\"}}],\"inLanguage\":\"en-US\"},{\"@type\":\"Organization\",\"@id\":\"https:\\\/\\\/itaab.com\\\/en\\\/#organization\",\"name\":\"Itaab en\",\"url\":\"https:\\\/\\\/itaab.com\\\/en\\\/\",\"logo\":{\"@type\":\"ImageObject\",\"inLanguage\":\"en-US\",\"@id\":\"https:\\\/\\\/itaab.com\\\/en\\\/#\\\/schema\\\/logo\\\/image\\\/\",\"url\":\"https:\\\/\\\/itaab.com\\\/en\\\/wp-content\\\/uploads\\\/sites\\\/3\\\/2024\\\/11\\\/itaab.png\",\"contentUrl\":\"https:\\\/\\\/itaab.com\\\/en\\\/wp-content\\\/uploads\\\/sites\\\/3\\\/2024\\\/11\\\/itaab.png\",\"width\":300,\"height\":92,\"caption\":\"Itaab en\"},\"image\":{\"@id\":\"https:\\\/\\\/itaab.com\\\/en\\\/#\\\/schema\\\/logo\\\/image\\\/\"}}]}<\/script>\n<!-- \/ Yoast SEO plugin. -->","yoast_head_json":{"title":"Terms of sale - Itaab en","robots":{"index":"index","follow":"follow","max-snippet":"max-snippet:-1","max-image-preview":"max-image-preview:large","max-video-preview":"max-video-preview:-1"},"canonical":"https:\/\/itaab.com\/en\/terms-of-sale\/","og_locale":"en_US","og_type":"article","og_title":"Terms of sale - Itaab en","og_description":"Terms of sale Samtliga priser i prislistor \u00e4r i SEK och exklusive moms. Priser, leverans &amp; betalningsvillkor mm g\u00e4ller med reservation f\u00f6r \u00e4ndringar. Aktuella villkor vid ordertillf\u00e4lle g\u00e4ller. Vid \u00e4ndring av r\u00e5varupriser av aktuellt material st\u00f6rre \u00e4n 4% justeras pris upp eller ner i paritet med detta. Standardprodukter som b\u00e4rverk &amp; \u00f6vriga tillbeh\u00f6r s\u00e4ljes endast [&hellip;]","og_url":"https:\/\/itaab.com\/en\/terms-of-sale\/","og_site_name":"Itaab en","twitter_card":"summary_large_image","twitter_misc":{"Est. reading time":"3 minutes"},"schema":{"@context":"https:\/\/schema.org","@graph":[{"@type":"WebPage","@id":"https:\/\/itaab.com\/en\/terms-of-sale\/","url":"https:\/\/itaab.com\/en\/terms-of-sale\/","name":"Terms of sale - Itaab en","isPartOf":{"@id":"https:\/\/itaab.com\/en\/#website"},"datePublished":"2024-11-19T16:33:04+00:00","breadcrumb":{"@id":"https:\/\/itaab.com\/en\/terms-of-sale\/#breadcrumb"},"inLanguage":"en-US","potentialAction":[{"@type":"ReadAction","target":["https:\/\/itaab.com\/en\/terms-of-sale\/"]}]},{"@type":"BreadcrumbList","@id":"https:\/\/itaab.com\/en\/terms-of-sale\/#breadcrumb","itemListElement":[{"@type":"ListItem","position":1,"name":"Hem","item":"https:\/\/itaab.com\/en\/"},{"@type":"ListItem","position":2,"name":"Terms of sale"}]},{"@type":"WebSite","@id":"https:\/\/itaab.com\/en\/#website","url":"https:\/\/itaab.com\/en\/","name":"Itaab en","description":"Suspended ceilings","publisher":{"@id":"https:\/\/itaab.com\/en\/#organization"},"potentialAction":[{"@type":"SearchAction","target":{"@type":"EntryPoint","urlTemplate":"https:\/\/itaab.com\/en\/?s={search_term_string}"},"query-input":{"@type":"PropertyValueSpecification","valueRequired":true,"valueName":"search_term_string"}}],"inLanguage":"en-US"},{"@type":"Organization","@id":"https:\/\/itaab.com\/en\/#organization","name":"Itaab en","url":"https:\/\/itaab.com\/en\/","logo":{"@type":"ImageObject","inLanguage":"en-US","@id":"https:\/\/itaab.com\/en\/#\/schema\/logo\/image\/","url":"https:\/\/itaab.com\/en\/wp-content\/uploads\/sites\/3\/2024\/11\/itaab.png","contentUrl":"https:\/\/itaab.com\/en\/wp-content\/uploads\/sites\/3\/2024\/11\/itaab.png","width":300,"height":92,"caption":"Itaab en"},"image":{"@id":"https:\/\/itaab.com\/en\/#\/schema\/logo\/image\/"}}]}},"acf":[],"_links":{"self":[{"href":"https:\/\/itaab.com\/en\/wp-json\/wp\/v2\/pages\/1962","targetHints":{"allow":["GET"]}}],"collection":[{"href":"https:\/\/itaab.com\/en\/wp-json\/wp\/v2\/pages"}],"about":[{"href":"https:\/\/itaab.com\/en\/wp-json\/wp\/v2\/types\/page"}],"author":[{"embeddable":true,"href":"https:\/\/itaab.com\/en\/wp-json\/wp\/v2\/users\/1"}],"replies":[{"embeddable":true,"href":"https:\/\/itaab.com\/en\/wp-json\/wp\/v2\/comments?post=1962"}],"version-history":[{"count":1,"href":"https:\/\/itaab.com\/en\/wp-json\/wp\/v2\/pages\/1962\/revisions"}],"predecessor-version":[{"id":1963,"href":"https:\/\/itaab.com\/en\/wp-json\/wp\/v2\/pages\/1962\/revisions\/1963"}],"wp:attachment":[{"href":"https:\/\/itaab.com\/en\/wp-json\/wp\/v2\/media?parent=1962"}],"curies":[{"name":"wp","href":"https:\/\/api.w.org\/{rel}","templated":true}]}}